{"id":15655,"date":"2020-01-23T12:28:56","date_gmt":"2020-01-23T11:28:56","guid":{"rendered":"https:\/\/www.italynmwa.com\/?page_id=15655"},"modified":"2020-01-23T12:38:39","modified_gmt":"2020-01-23T11:38:39","slug":"intervista-alla-meteorologa-serena-giacomin","status":"publish","type":"page","link":"https:\/\/www.italynmwa.com\/it\/intervista-alla-meteorologa-serena-giacomin\/","title":{"rendered":"Intervista alla meteorologa Serena Giacomin. La natura \u00e8 arte: il lato creativo della scienza."},"content":{"rendered":"<div id=\"cmsmasters_row_7buyku0mj7\" class=\"cmsmasters_row cmsmasters_color_scheme_default cmsmasters_row_top_default cmsmasters_row_bot_default cmsmasters_row_boxed\">\n<div class=\"cmsmasters_row_outer_parent\">\n<div class=\"cmsmasters_row_outer\">\n<div class=\"cmsmasters_row_inner\">\n<div class=\"cmsmasters_row_margin\">\n<div id=\"cmsmasters_column_dfc2e3rwsa\" class=\"cmsmasters_column one_first\">\n<div class=\"cmsmasters_column_inner\"><div class=\"cmsmasters_text\">\n<div class=\"cmsmasters_wrap_table\"><table class=\"cmsmasters_table interviewtable\"><caption><\/caption><tr><td class=\"cmsmasters_table_cell_aligncenter\"><div class=\"cmsmasters_img  cmsmasters_image_l\"><img decoding=\"async\" src=\"https:\/\/www.italynmwa.com\/wp-content\/uploads\/2020\/01\/a684af_8a6d55437851477cb83d3899c7e56ae1_mv2.png\" \/><\/div><\/td><td class=\"cmsmasters_table_cell_alignleft\"><span class=\"color_15\">\u00c8 uno dei volti di punta del meteo in tv e ha fatto della divulgazione scientifica una vera e propria missione.<\/span><\/p>\n<p class=\"font_7\"><span class=\"color_15\">Abbiamo incontrato Serena Giacomin, in occasione della presentazione del suo libro <strong>\u201cMeteo che scegli tempo che trovi\u201d,<\/strong> per parlare di previsioni attendibili e sostenibilit\u00e0 ambientale, ma anche di accessibilit\u00e0 della cultura scientifica e di come conciliare una carriera ambiziosa con la maternit\u00e0.<\/span><\/p>\n<p class=\"font_7\"><span class=\"color_15\">Per Serena Giacomin il viaggio\u00a0<strong>alla scoperta della meteorologia nasce veleggiando,<\/strong> quando, all\u2019et\u00e0 di otto anni, mette per la prima volta i piedi in barca; e da quel giorno non smetter\u00e0 mai di scrutare il cielo e il mare.<\/span><\/p>\n<p class=\"font_7\"><span class=\"color_15\">Una laurea in fisica, un master con focalizzato sull\u2019energia rinnovabile, la certificazione di Meteorologo Professionista e studio e aggiornamento continuo, perch\u00e9 la natura offre infinite sorprese. Un percorso fatto di genuina curiosit\u00e0 e tanta determinazione, spirito d\u2019osservazione e continui tentavi di dare\u00a0risposte alle infinite domande.<\/span><span class=\"color_15\">Incontro Serena in un caff\u00e8 letterario nel centro di Milano, dopo la presentazione del suo libro <strong>\u201cMeteo che scegli tempo che trovi\u201d;<\/strong> ci sediamo per una chiacchierata in cui la sua passione per i fenomeni naturali riesce a svelare il lato creativo della scienza.<\/span><\/td><\/tr><\/table><\/div>\n<p class=\"font_7\"><span class=\"color_15\">1. Il tuo destino nelle meteorologia sembra scritto gi\u00e0 nel tuo nome &#8220;Serena&#8221;,\u00a0\u00a0ma il percorso nel mondo della scienza non \u00e8 certo semplice. Come ha avuto\u00a0inizio\u00a0la tua curiosit\u00e0 verso i fenomeni naturali e atmosferici in particolare?<\/span><\/p>\n<p class=\"font_7\"><span class=\"color_15\">&#8211; Serena Giacomin: Fin dall\u2019et\u00e0 di 8 anni ho iniziato ad\u00a0<strong>andare in barca a vela,<\/strong> grazie alla passione trasmessa da mio pap\u00e0. Per questo motivo ho sviluppato\u00a0<strong>molta curiosit\u00e0<\/strong>\u00a0nel confronti dei\u00a0<strong>fenomeni naturali<\/strong>\u00a0legati all\u2019aria e all\u2019acqua: capire e interpretare il comportamento del vento e del mare sono aspetti importanti per chi va per mare, innanzitutto per la sicurezza, ma anche per poter vincere le regate! Cos\u00ec ho iniziato ad osservare attentamente il cielo e l\u2019ho studiato nel modo pi\u00f9 approfondito, anno dopo anno, fino al termine del mio corso di laurea in fisica. E poi? Ho continuato a studiare, perch\u00e9 non si finisce mai di imparare soprattutto quando si ha a che fare con l\u2019anima caotica e turbolenta della nostra atmosfera.<\/span><\/p>\n<p class=\"font_7\"><span class=\"color_15\">2. Dopo la laurea in Fisica,\u00a0<strong>sei entrata a lavorare all\u2019Eni,<\/strong> ma le domande lasciate in sospeso erano troppe e il desiderio di continuare a studiare \u2013 e a scoprire- le meraviglie della natura scalpitava. Cos\u00ec -armata di coraggio-\u00a0<strong>hai buttato all\u2019aria una carriera dalle prospettive solide, per inseguire il sogno della divulgazione scientifica.<\/strong>\u00a0A ClassCnbc, come\u00a0autrice e conduttrice tv\u00a0, ci hai fatto capire come molti dei fenomeni apparentemente lontani ci riguardino invece da vicino. Qual\u2019 \u00e8 stata la chiave per avvicinare il pubblico ad argomenti certamente affascinanti, ma anche complessi?<\/span><\/p>\n<p class=\"font_7\"><span class=\"color_15\">Serena Giacomin: La chiave della comunicazione \u00e8 sempre quella, anche se nel corso degli anni ho cercato di affinarla: mettersi nei panni di chi ascolta, sempre, tutti i giorni, senza dare mai nulla per scontato.\u00a0<strong>La scienza \u00e8 utile e coinvolgente, pervade quasi tutti gli aspetti della nostra quotidianit\u00e0.<\/strong> Per risvegliare la curiosit\u00e0 servono umilt\u00e0, fantasia, aneddoti, esempi e anche giochi. Con questi metodi si possono insegnare anche aspetti e nozioni molto importanti, come il valore e il significato di una allerta meteo, messaggio che se correttamente interpretato pu\u00f2 davvero salvare la vita.<\/span><\/p>\n<p>&nbsp;<\/p>\n<div class=\"cmsmasters_wrap_table\"><table class=\"cmsmasters_table interviewtable\"><caption><\/caption><tr><td class=\"cmsmasters_table_cell_alignleft\"><span class=\"color_15\">3. Nel 2015 un altro traguardo: entri al\u00a0<\/span><span class=\"color_15\">Centro Epson di Metereologia. Quali sono le regole base di una previsione affidabile e onesta?\u00a0<\/span><\/p>\n<p>&nbsp;<\/p>\n<p class=\"font_7\"><span class=\"color_15\">Serena Giacomin: Innanzitutto\u00a0<strong>chiamarla previsione, senza dare l\u2019illusione della certezza,<\/strong> perch\u00e9 il carattere fisicamente complesso dell\u2019atmosfera non ci permette e non ci permetter\u00e0 in futuro di raggiungere il 100% di accuratezza. Poi ci sono tanti aspetti che caratterizzano una previsione professionale da una truffaldina acchiappa like: ad esempio la presenza dell\u2019Indica di Affidabilit\u00e0, strumento a disposizione dell\u2019utente per capire quanto un determinato scenario previsto possa essere o non essere probabile; un altro indizio riguarda le previsioni a lungo termine\u2026 perch\u00e9 le previsioni meteo sono come il pesce dopo qualche giorno, puzzano!<\/span><\/p>\n<p class=\"font_7\"><span class=\"color_15\">4: La giornata di tutti comincia consultando le previsioni sullo smartphone e, prima di partire per una vacanza, impazziamo alla ricerca dell\u2019app meteo pi\u00f9 affidabile, per stabilire i nostri programmi. Le informazioni meteo proliferano, ma quella dei fenomeni atmosferici non \u00e8 una scienza semplice.E\u2019 proprio per\u00a0<strong>difenderci dalle \u201dmeteo bufale\u201d e per utilizzare le previsioni con consapevolezza<\/strong>\u00a0che hai scritto \u201cMeteo che scegli tempo che trovi\u201d. Parlaci di questa intelligente guida alla meteorologia\u2026<\/span><\/p>\n<p class=\"font_7\"><span class=\"color_15\">Serena Giacomin:\u00a0 <strong>\u201cMeteo che scegli tempo che trovi\u201d<\/strong> \u00e8 un libro per tutti e ha lo scopo di raccontare la meteorologia e la vita di un meteorologo tramite storie, esperienze di vita, aneddoti e anche quiz per interagire con il lettore. Questo libro \u00e8 stato definito \u201cun manuale che non \u00e8 un manuale\u201d perch\u00e9 al suo interno ci sono molte delle principali nozioni della fisica dell\u2019atmosfera, inserite in un contesto \u201cfamiliare\u201d e comprensibile.Ho iniziato a scrivere questo libro per\u00a0<strong>mettere un po\u2019 di ordine nella confusione che ruota attorno al mondo rigoroso della meteorologia,<\/strong> un disordine in grado di confondere qualsiasi utente abbia bisogno di previsioni meteo, dal credulone a quello pi\u00f9 consapevole. Spero possa essere\u00a0<strong>utile\u2026 e anche divertente!<\/strong><\/span><\/td><td class=\"cmsmasters_table_cell_aligncenter\"><div class=\"cmsmasters_img  cmsmasters_image_l\"><img decoding=\"async\" src=\"https:\/\/www.italynmwa.com\/wp-content\/uploads\/2020\/01\/a684af_3e15fc5b20a1415c8d918323a00da5b9_mv2.png\" \/><\/div><\/td><\/tr><\/table><\/div>\n<p class=\"font_7\"><span class=\"color_15\">5: Il problema dei\u00a0cambiamenti climatici\u00a0riguarda direttamente ciascuno di noi; \u00a0eppure per cultura l\u2019Italia \u00e8 non \u00e8 affatto un paese\u00a0eco-friendly. In che modo si potrebbe sensibilizzare l\u2019opinione pubblica in tale direzione?<\/span><\/p>\n<p class=\"font_7\"><span class=\"color_15\">Serena Giacomin:\u00a0\u00a0Innanzitutto spiegando che il\u00a0<strong>cambiamento climatico non \u00e8 un problema futuro, ma un problema di oggi.<\/strong> Un problema enorme che avremmo gi\u00e0 dovuto affrontare con decisione. Ora ci ritroviamo a dover mettere le pezze il pi\u00f9 velocemente possibile, per non aggravare la situazione. L\u2019opinione pubblica va sensibilizzata\u00a0<strong>divulgando il pi\u00f9 possibile in modo corretto e rigoroso, ma sempre comprensibile,<\/strong> sugli effetti gi\u00e0 manifesti del Global Warming. Il progetto pi\u00f9 importante, in cui credo molto, \u00e8 il Progetto Scuole, attivato sia dal Centro Epson Meteo che dalla mia associazione Italian Climate Network, per portare le tematiche meteo-climatiche nelle scuole. Ho molta fiducia nelle giovani generazioni: saranno sicuramente molto pi\u00f9 bravi e consapevoli di noi.<\/span><\/p>\n<p class=\"font_7\"><span class=\"color_15\">6. Sei mamma da quasi un anno (Filippo compir\u00e0 un anno a dicembre). Cosa significa per te la\u00a0maternit\u00e0\u00a0e com\u2019\u00e8 possibile conciliare questo ruolo con la carriera?<\/span><\/p>\n<p class=\"font_7\"><span class=\"color_15\">Serena Giacomin:\u00a0<strong>La maternit\u00e0 mi ha dato ancor pi\u00f9 determinazione e motivazione.<\/strong>\u00a0Ho la fortuna di fare un lavoro che amo e in cui credo.\u00a0<strong>Nel futuro vorrei che la meteorologia fosse una materia riconosciuta da tutti come importante, soprattutto in termini di protezione civile.<\/strong>\u00a0E, ovviamente, credo in uno sviluppo sostenibile che possa rispettare il nostro clima maltrattato. Pensare a Filippo mi fa sentire un brivido: credo che i giovanissimi come lui avranno molti problemi da risolvere a causa nostra. Non lo trovo giusto per un principio di equit\u00e0 intergenerazionale. E, come mamma, sono ovviamente dispiaciuta e preoccupata. Riguardo alla carriera: la mia unica carriera \u00e8 fare le cose per bene; conciliare la maternit\u00e0 con il lavoro, non \u00e8 facile, ma le soluzioni si trovano &#8211; anche se con fatica &#8211; giorno dopo giorno.<\/span><\/p>\n<p class=\"font_7\"><span class=\"color_15\">7- Dagli Amici del NMWA una domanda sull\u2019arte \u00e8 d\u2019obbligo. Sei una persona molto curiosa e il tuo compagno \u00e8 un accreditato giornalista del settore qual \u00e8 il tuo rapporto con la creativit\u00e0? Siamo certi che anche in questo ci sorprenderai?<\/span><\/p>\n<p class=\"font_7\"><span class=\"color_15\">Serena Giacomin:\u00a0 Non ci crederai, ma\u00a0<strong>studiare fisica e matematica mi ha reso una persona estremamente fantasiosa.<\/strong> In alcune branche di questa scienza dura c\u2019\u00e8 la la necessit\u00e0 dell\u2019immaginazione per intuire, capire a fondo. La parte pi\u00f9 razionale del cervello da sola non ce la fa. Faccio l\u2019esempio della Relativit\u00e0 perch\u00e9 \u00e8 lontana dal nostro modo di capire lo spazio-tempo, ma ce ne sono molte altre in cui l\u2019astrazione mentale \u00e8 uno strumento fondamentale. Forse sono un po\u2019 pi\u00f9 banale nell\u2019ammettere che\u00a0<strong>l\u2019arte pi\u00f9 bella \u00e8 quella di Madre Natura, imbattibile e sempre originale.<\/strong><\/span><\/p>\n<p class=\"font_7\"><span class=\"color_15\">Resta il fatto che, per me, la creativit\u00e0 \u00e8 il sale della vita e l\u2019arte \u00e8 uno strumento di comunicazione molto potente. Andrebbe sfruttato sempre al meglio!<\/span><\/p>\n<p><strong>(Testo di Federica Galassi)<\/strong><\/p>\n<\/div>\n<\/div><\/div>\n<\/div>\n<\/div>\n<\/div>\n<\/div>\n<\/div>\n\n","protected":false},"excerpt":{"rendered":"","protected":false},"author":1,"featured_media":0,"parent":0,"menu_order":0,"comment_status":"closed","ping_status":"closed","template":"","meta":{"footnotes":""},"_links":{"self":[{"href":"https:\/\/www.italynmwa.com\/it\/wp-json\/wp\/v2\/pages\/15655"}],"collection":[{"href":"https:\/\/www.italynmwa.com\/it\/wp-json\/wp\/v2\/pages"}],"about":[{"href":"https:\/\/www.italynmwa.com\/it\/wp-json\/wp\/v2\/types\/page"}],"author":[{"embeddable":true,"href":"https:\/\/www.italynmwa.com\/it\/wp-json\/wp\/v2\/users\/1"}],"replies":[{"embeddable":true,"href":"https:\/\/www.italynmwa.com\/it\/wp-json\/wp\/v2\/comments?post=15655"}],"version-history":[{"count":4,"href":"https:\/\/www.italynmwa.com\/it\/wp-json\/wp\/v2\/pages\/15655\/revisions"}],"predecessor-version":[{"id":15661,"href":"https:\/\/www.italynmwa.com\/it\/wp-json\/wp\/v2\/pages\/15655\/revisions\/15661"}],"wp:attachment":[{"href":"https:\/\/www.italynmwa.com\/it\/wp-json\/wp\/v2\/media?parent=15655"}],"curies":[{"name":"wp","href":"https:\/\/api.w.org\/{rel}","templated":true}]}}