{"id":15604,"date":"2020-01-23T11:17:35","date_gmt":"2020-01-23T10:17:35","guid":{"rendered":"https:\/\/www.italynmwa.com\/?page_id=15604"},"modified":"2020-01-23T11:20:47","modified_gmt":"2020-01-23T10:20:47","slug":"intervista-alla-cantafiorista-rosalba-piccinni","status":"publish","type":"page","link":"https:\/\/www.italynmwa.com\/it\/intervista-alla-cantafiorista-rosalba-piccinni\/","title":{"rendered":"Intervista alla cantafiorista Rosalba Piccinni. Fra flower design, musica jazz e delizie culinarie"},"content":{"rendered":"<div id=\"cmsmasters_row_\" class=\"cmsmasters_row cmsmasters_color_scheme_default cmsmasters_row_top_default cmsmasters_row_bot_default cmsmasters_row_boxed\">\n<div class=\"cmsmasters_row_outer_parent\">\n<div class=\"cmsmasters_row_outer\">\n<div class=\"cmsmasters_row_inner\">\n<div class=\"cmsmasters_row_margin\">\n<div id=\"cmsmasters_column_\" class=\"cmsmasters_column one_first\">\n<div class=\"cmsmasters_column_inner\"><div class=\"cmsmasters_text\">\n<p>Flower design, musica jazz e arte culinaria, per Rosalba Piccinni la creativit\u00e0 non ha confini. A tu per tu con la cantafiorista che ha portato l\u2019antico rito della serenata nella contemporaneit\u00e0, per scoprire che il vero talento nella vita \u00e8 avere il coraggio di seguire la propria identit\u00e0.<\/p>\n<p>Se il suo nome anticipa una professione che \u00e8 un\u2019arte; il connubio chioma fulva- carnagione candida rispecchia le sue composizioni floreale di ispirazione preraffaelita. Icona del flower-design, voce di punta del panorama jazz e imprenditrice del settore della ristorazione; Rosalba Piccinni si definisce anzitutto una \u201ccantafiorista\u201d.<\/p>\n<p>\u00c8 inizio agosto quando Rosalba mi da appuntamento da Potafiori: un angolo di paradiso nel cuore di Milano, dove il tempo \u00e8 scandito dal ritmo della natura e delle note musicali. Il mix abito bianco e rossetto purpureo sottolinea una personalit\u00e0 in cui dolcezza e passione, travolgenza creativa e rigore professionale si fondono piacevolmente. Ci sediamo circondate da gerbere,<\/p>\n<p>rose e orchidee, e incomincia un racconto avvincente, inframmezzato solo da qualche sorso di acqua aromatizzata allo zenzero.<\/p>\n<div class=\"cmsmasters_wrap_table\"><table class=\"cmsmasters_table interviewtable\"><caption><\/caption><tr><td class=\"cmsmasters_table_cell_alignleft\"><\/p>\n<p class=\"font_8\"><span class=\"color_15\">1- Come ha avuto inizio la passione per i fiori e com\u2019\u00e8 riuscita a trasformarla\u00a0<\/span><span class=\"color_15\">in un\u2019autentica professione?<\/span><\/p>\n<p class=\"font_8\"><span class=\"color_15\">&#8211; Rosalba Piccinni- Tutto \u00e8 iniziato per bisogno. Dopo aver cambiato svariate\u00a0<\/span><span class=\"color_15\">professioni, capitai a lavorare in un negozio di fiori in provincia di Bergamo.<\/span><\/p>\n<p class=\"font_8\"><span class=\"color_15\">Apprezzai subito la parte artistica del lavoro di fioraia: credo infatti che comporre\u00a0<\/span><span class=\"color_15\">un mazzo o un allestimento pi\u00f9 complesso sia quasi assimilabile alla creazione di\u00a0<\/span><span class=\"color_15\">un\u2019opera d\u2019arte. Negli anni da dipendente ho cercato di imparare il pi\u00f9 possibile,\u00a0<\/span><span class=\"color_15\">finch\u00e9 nel 1997 trovai il coraggio di aprire la mia prima attivit\u00e0. Oggi mi ritengo f<\/span><span class=\"color_15\">ortunata: ho tre spazi (ndr. Fiori Bergamo, Fiori Milano e Potafiori) che mi danno\u00a0<\/span><span class=\"color_15\">grandi soddisfazioni e spero di poter crescere ancora tanto.<\/span><\/p>\n<p class=\"font_8\"><span class=\"color_15\">2- Quali sono le fonte d\u2019ispirazione per creare le sue composizioni floreali:<\/span><\/p>\n<p class=\"font_8\"><span class=\"color_15\">vere e proprie opere a cavallo fra arte e design?<\/span><\/p>\n<p class=\"font_8\"><span class=\"color_15\">&#8211; R.P.- Credo che il punto di partenza debba sempre essere il dialogo con il cliente:\u00a0<\/span><span class=\"color_15\">capirne i gusti, le esigenze e i motivi che lo hanno portato a rivolgersi a noi.<\/span><span class=\"color_15\">Poi innumerevoli sono gli elementi che fungono da ispirazione, rubo moltissimo\u00a0<\/span><span class=\"color_15\">al mondo dell\u2019arte e dell\u2019architettura. La fortuna di vivere a Milano in questo aiuta\u00a0<\/span><span class=\"color_15\">molto, infatti mi \u00e8 possibile vedere mostre ed esibizioni differenti quasi tutte le\u00a0<\/span><span class=\"color_15\">settimane. Ma in generale mi sento di poter dire che qualsiasi esperienza possa\u00a0<\/span><span class=\"color_15\">essere ispirazione, basta porsi con atteggiamento propositivo e curioso.<\/span><\/p>\n<p><\/td><td class=\"cmsmasters_table_cell_aligncenter\"><div class=\"cmsmasters_img  cmsmasters_image_l\"><img decoding=\"async\" src=\"https:\/\/www.italynmwa.com\/wp-content\/uploads\/2020\/01\/a684af_36813e09798644048d03f043ee2b3891_mv2_d_3024_4032_s_4_2.png\" \/><\/div><\/td><\/tr><\/table><\/div>\n<p class=\"font_8\"><span class=\"color_15\">3- La musica ha sempre fatto parte della sua vita, ma \u00e8 con le Serenate\u00a0<\/span><span class=\"color_15\">Metropolitane Contemporanee a domicilio che la sua voce ha preso il sopravvento.\u00a0<\/span><span class=\"color_15\">Com\u2019\u00e8 nata l\u2019idea di riproporre quest\u2019antico rito di corteggiamento in chiave attuale?\u00a0<\/span><span class=\"color_15\">Come si svolgono le sue serenate?<\/span><\/p>\n<p>&nbsp;<\/p>\n<p class=\"font_8\"><span class=\"color_15\">&#8211; R.P.- Rischiando di sembrare ripetitiva ammetto che le serenate metropolitane sono nate per caso, o meglio per gioco. Parlando con alcuni amici e clienti ci stavamo interrogando su come un gesto potesse cancellare un errore commesso e fare si che l\u2019amato ci perdonasse; arrivammo alla conclusione che l\u2019unica soluzione possibile fosse mostrarsi a cuore aperto. Per dimostrare ci\u00f2 sono nate le serenate. Le serenate molto spesso avvengono direttamente all\u2019interno dell\u2019abitazione del ricevente: quando mi presento alla porta insieme a musicisti\u00a0<\/span>d<span class=\"color_15\">all\u2019incredibile spessore, appena questa si apre inizio a cantare, omaggiando nel contempo il destinatario con una composizione floreale. Il bello di queste serenate \u00e8 il contatto emotivo con chi le riceve; infatti, entrando fisicamente in casa delle persone, portando un messaggio d\u2019amore, si crea una situazione unica e di eccezionale intimit\u00e0. Da queste esperienze nascono anche amicizie incredibili, una delle pi\u00f9 belle e che ancora vive \u00e8 quella con Antonella (ndr. Antonella Clerici, che -come dono dal compagno Vittorio Garrone &#8211; ha ricevuto una serenata di Rosalba accompagnata da 200 rose).<\/span><\/p>\n<p class=\"font_8\"><span class=\"color_15\">4- Da questo momento per la sua musica arriva il successo nazionale, grazie a una voce avvolgente e a uno stile fortemente identitario, ma capace di abbracciare situazioni differenti: dal Blue Note al matrimonio Hunziker-Trussardi, dall\u2019album Arrivi all\u2019evento Unicredit\u2026<\/span><\/p>\n<p class=\"font_8\"><span class=\"color_15\">&#8211; R.P.- Il matrimonio Hunziker-Trussardi \u00e8 stata una bellissima esperienza, soprattutto per la fiducia concessa da Tomaso; che &#8211; dopo avere fatto semplicemente un provino &#8211; mi hanno lasciata libera anche sulla scelta dei musicisti, questo mi ha riempito di gioia. Recentemente l\u2019esperienza a Palazzo Mezzanotte, all\u2019interno del Mid-night Jazz Festival, \u00e8 stata una sorpresa incredibile: avere la possibilit\u00e0 di partecipare ad un festival con nomi come Fabio Concato e Leroy Jones \u00e8 stato bellissimo. Il Blue Note \u00e8 un altro tassello fondamentale nella mia carriera da cantante, nonch\u00e9 fonte di grande soddisfazione: i dodici concerti sold-out collezionati mi riempiono di orgoglio. Spero di riuscire a replicare l\u201911 Settembre\u2026<\/span><\/p>\n<p class=\"font_8\"><span class=\"color_15\">5- E\u2019 proprio dall\u2019amore fra lei e il suo pubblico, che nel 2015 nasce Potafiori: laboratorio floreale e bistrot che la sera cambia pelle e diventa ristorante: qui l\u2019arte dei fiori e della musica incontra quella del cibo\u2026e non solo.<\/span><\/p>\n<p class=\"font_8\"><span class=\"color_15\">&#8211; R.P.- Esatto, tutto \u00e8 nato dai miei precedenti due negozi di fiori, dove capitava di organizzare piccoli aperitivi con amici che suonavano e i clienti pi\u00f9 affezionati che partecipavano alla festa, solo che molto spesso lo spazio non era sufficiente a contenere tutte le persone che si presentavano. Per questo ho deciso di lanciarmi nella ristorazione: mondo incredibilmente faticoso e competitivo, ma che \u2013ammetto- sta dando molte soddisfazioni. Vedere le persone abbandonare POTAFIORI con il sorriso e felici dell\u2019esperienza provata mi rende fiera di quello che insieme al mio team siamo riusciti a creare.<\/span><\/p>\n<p class=\"font_8\"><span class=\"color_15\">6- E per finire: sogni futuri e progetti imminenti? Sono certa che ci stupir\u00e0.<\/span><\/p>\n<p class=\"font_8\"><span class=\"color_15\">&#8211; R.P.- I sogni sono sempre tanti e i progetti ogni giorno di pi\u00f9, credo di essere iperattiva; quelli di cui posso parlare sono Potalove ed un libro di prossima uscita. POTALOVE \u00e8 un progetto inedito, che abbiamo presentato allo scorso Salone del Mobile e che vuole rivoluzionare l\u2019industria funebre, approcciandosi in modo nuovo al momento della morte. Per quanto riguarda il libro invece ringrazio Vallardi che, come editore, mi sta dando la grandissima opportunit\u00e0 di raccontare svariati aneddoti della mia vita in un testo, che vuole essere un\u2019altra occasione di condivisione di piccoli momenti e grandi emozioni.<\/span><\/p>\n<p class=\"font_8\"><span class=\"color_15\">In attesa di leggere l\u2019emozionante racconto di Rosalba nel suo libro, il comitato italiano del NMWA vi suggerisce di \u201cassaporare\u201d il mondo onirico della cantafiorista da Potafiori \u2026.<\/span><\/p>\n<p><a href=\"http:\/\/www.potafiori.com\">Potafiori<\/a><\/p>\n<div class=\"cmsmasters_img  cmsmasters_image_l\"><img decoding=\"async\" src=\"https:\/\/www.italynmwa.com\/wp-content\/uploads\/2020\/01\/a684af_f4e6c4034b0c4118adfa7466689ef17d_mv2.png\" \/><\/div><div id=\"cmsmasters_divider_wt0vjzitrk\" class=\"cl\"><\/div>\n<p>&nbsp;<\/p>\n<p><strong>(Testo di Federica Galassi)<\/strong><\/p>\n<\/div>\n<\/div><\/div>\n<\/div>\n<\/div>\n<\/div>\n<\/div>\n<\/div>\n\n","protected":false},"excerpt":{"rendered":"","protected":false},"author":1,"featured_media":0,"parent":0,"menu_order":0,"comment_status":"closed","ping_status":"closed","template":"","meta":{"footnotes":""},"_links":{"self":[{"href":"https:\/\/www.italynmwa.com\/it\/wp-json\/wp\/v2\/pages\/15604"}],"collection":[{"href":"https:\/\/www.italynmwa.com\/it\/wp-json\/wp\/v2\/pages"}],"about":[{"href":"https:\/\/www.italynmwa.com\/it\/wp-json\/wp\/v2\/types\/page"}],"author":[{"embeddable":true,"href":"https:\/\/www.italynmwa.com\/it\/wp-json\/wp\/v2\/users\/1"}],"replies":[{"embeddable":true,"href":"https:\/\/www.italynmwa.com\/it\/wp-json\/wp\/v2\/comments?post=15604"}],"version-history":[{"count":3,"href":"https:\/\/www.italynmwa.com\/it\/wp-json\/wp\/v2\/pages\/15604\/revisions"}],"predecessor-version":[{"id":15610,"href":"https:\/\/www.italynmwa.com\/it\/wp-json\/wp\/v2\/pages\/15604\/revisions\/15610"}],"wp:attachment":[{"href":"https:\/\/www.italynmwa.com\/it\/wp-json\/wp\/v2\/media?parent=15604"}],"curies":[{"name":"wp","href":"https:\/\/api.w.org\/{rel}","templated":true}]}}