{"id":15503,"date":"2019-11-25T16:06:20","date_gmt":"2019-11-25T15:06:20","guid":{"rendered":"https:\/\/www.italynmwa.com\/?page_id=15503"},"modified":"2022-03-20T12:27:33","modified_gmt":"2022-03-20T11:27:33","slug":"about-us","status":"publish","type":"page","link":"https:\/\/www.italynmwa.com\/it\/about-us\/","title":{"rendered":"Chi Siamo"},"content":{"rendered":"<div id=\"cmsmasters_row_xbtykk32h\" class=\"cmsmasters_row cmsmasters_color_scheme_default cmsmasters_row_top_default cmsmasters_row_bot_default cmsmasters_row_boxed\">\n<div class=\"cmsmasters_row_outer_parent\">\n<div class=\"cmsmasters_row_outer\">\n<div class=\"cmsmasters_row_inner\">\n<div class=\"cmsmasters_row_margin\">\n<div id=\"cmsmasters_column_tq6zvoaqtr\" class=\"cmsmasters_column one_first\">\n<div class=\"cmsmasters_column_inner\"><div id=\"cmsmasters_heading_qnc5ajqi5p\" class=\"cmsmasters_heading_wrap cmsmasters_heading_align_left\">\n\t<h2 class=\"cmsmasters_heading\">Siamo un&#8217;associazione attiva sul territorio italiano il cui scopo \u00e8 di sostenere il NMWA &#8211; the National Museum of Women in the Arts. La nostra mission \u00e8 valorizzare la creativit\u00e0 femminile e promuovere la conoscenza del lavoro di artiste del passato e del presente, dando maggiore visibilit\u00e0 a loro e alla loro arte. <\/h2>\n<\/div>\n<\/div><\/div>\n<\/div>\n<\/div>\n<\/div>\n<\/div>\n<\/div>\n<div id=\"cmsmasters_row_skl911zo5\" class=\"cmsmasters_row cmsmasters_color_scheme_default cmsmasters_row_top_default cmsmasters_row_bot_default cmsmasters_row_boxed\">\n<div class=\"cmsmasters_row_outer_parent\">\n<div class=\"cmsmasters_row_outer\">\n<div class=\"cmsmasters_row_inner\">\n<div class=\"cmsmasters_row_margin\">\n<div id=\"cmsmasters_column_4upmarixnm\" class=\"cmsmasters_column one_third\">\n<div class=\"cmsmasters_column_inner\"><div class=\"cmsmasters_text\">\n<h3>INCONTRA<\/h3>\n<p>i nostri membri, le artiste, i curatori e i collezionisti durante i nostri eventi e attivit\u00e0.<\/p>\n<\/div>\n<\/div><\/div>\n<div id=\"cmsmasters_column_k0e4u6a2d7\" class=\"cmsmasters_column one_third\">\n<div class=\"cmsmasters_column_inner\"><div class=\"cmsmasters_text\">\n<h3>INFORMATI<\/h3>\n<p>su mostre ed eventi in Italia a tema femminile attraverso il nostro sito.<\/p>\n<\/div>\n<\/div><\/div>\n<div id=\"cmsmasters_column_2iq0fbuiwk\" class=\"cmsmasters_column one_third\">\n<div class=\"cmsmasters_column_inner\"><div class=\"cmsmasters_text\">\n<h3>SOSTIENICI<\/h3>\n<p>con tempo, passione e soluzioni costruttive per raggiungere la parit\u00e0 di genere nelle arti sostenendo<em>Women to Watch<\/em>.<\/p>\n<\/div>\n<\/div><\/div>\n<\/div>\n<\/div>\n<\/div>\n<\/div>\n<\/div>\n<div id=\"cmsmasters_row_ef9lfazol\" class=\"cmsmasters_row cmsmasters_color_scheme_default cmsmasters_row_top_default cmsmasters_row_bot_default cmsmasters_row_boxed\">\n<div class=\"cmsmasters_row_outer_parent\">\n<div class=\"cmsmasters_row_outer\">\n<div class=\"cmsmasters_row_inner\">\n<div class=\"cmsmasters_row_margin\">\n<div id=\"cmsmasters_column_efp49r7sh\" class=\"cmsmasters_column one_first\">\n<div class=\"cmsmasters_column_inner\"><div class=\"cmsmasters_text\">\n<p>Il <strong>Comitato italiano del NMWA<\/strong> \u00e8 unico tra le tante meravigliose organizzazioni che promuovono le donne nelle arti poich\u00e9 i suoi stretti legami con il NMWA offrono visibilit\u00e0 internazionale e supporto fisico. Il Comitato nasce con lo scopo di valorizzare e promuovere la creativit\u00e0 femminile, fornire supporto formativo e rappresentare il punto di collegamento tra il National Museum of Women in the Arts e la realt\u00e0 museale italiana.<\/p>\n<p>Siamo un gruppo dinamico gestito interamente da volontari appassionati &#8211; molti dei quali hanno legami personali con il museo e gli Stati Uniti &#8211; che hanno ogni tipo di interesse e competenza. Il comitato \u00e8 particolarmente attivo nella citt\u00e0 di Milano, citt\u00e0 in cui \u00e8 stato costituito nel 2004. Oggi i nostri volontari organizzano visite guidate a mostre, eventi con artisti e storici dell&#8217;arte, ricevimenti, cocktail e, soprattutto, guidano la partecipazione del comitato alla biennale <strong> <em>Women to Watch<\/em> <\/strong>.<\/p>\n<p>I comitati a supporto del NMWA sono situati in tutto il Nord America, Europa, Sud America e Asia e aiutano il museo a diffondere il suo messaggio a livello globale. Il Comitato italiano della NMWA \u00e8 orgoglioso di collaborare con il NMWA e di promuovere la conoscenza delle donne artiste nel nostro paese.<\/p>\n<\/div>\n<\/div><\/div>\n<\/div>\n<\/div>\n<\/div>\n<\/div>\n<\/div>\n<div id=\"cmsmasters_row_doohoosnli\" class=\"cmsmasters_row cmsmasters_color_scheme_default cmsmasters_row_top_default cmsmasters_row_bot_default cmsmasters_row_boxed\">\n<div class=\"cmsmasters_row_outer_parent\">\n<div class=\"cmsmasters_row_outer\">\n<div class=\"cmsmasters_row_inner\">\n<div class=\"cmsmasters_row_margin\">\n<div id=\"cmsmasters_column_37d5au9fgl\" class=\"cmsmasters_column one_first\">\n<div class=\"cmsmasters_column_inner\"><div class=\"cmsmasters_text\">\n<p><strong>Membri del Comitato<\/strong><\/p>\n<div><a href=\"https:\/\/www.linkedin.com\/in\/claudia-pensotti-459a275\/\" target=\"_blank\" rel=\"noopener noreferrer\">Claudia Pensotti Mosca<\/a>, <em>President<\/em><\/div>\n<div><a href=\"https:\/\/www.linkedin.com\/in\/jane-oberwager-79610a1\/\" target=\"_blank\" rel=\"noopener noreferrer\">Jane Oberwager<\/a>,\u00a0<em>Vice President<\/em><\/div>\n<div><a href=\"https:\/\/www.linkedin.com\/in\/rossella-taffa-62218b3b\/\" target=\"_blank\" rel=\"noopener noreferrer\">Rossella Taffa<\/a>,\u00a0<em>Secretary<\/em><\/div>\n<div>Milena Valsecchi,\u00a0<em>Vice President Emerita<\/em><\/div>\n<div><a href=\"https:\/\/www.linkedin.com\/in\/simonacamera\/\" target=\"_blank\" rel=\"noopener noreferrer\">Simona Camera<\/a>,\u00a0<em>Project Manager<\/em><\/div>\n<div><a href=\"https:\/\/www.linkedin.com\/in\/barbara-canale-7b01ab13b\/\" target=\"_blank\" rel=\"noopener noreferrer\">Barbara Canale<\/a>,\u00a0<em>Project Manager<\/em><\/div>\n<div><a href=\"https:\/\/www.linkedin.com\/in\/beatrice-chiara-ferrario-25632237\/\" target=\"_blank\" rel=\"noopener noreferrer\">Beatrice Ferrario<\/a><\/div>\n<div><a href=\"https:\/\/www.linkedin.com\/in\/fabrizia-bandi-a66a4352\/\" target=\"_blank\" rel=\"noopener noreferrer\">F<\/a><a href=\"https:\/\/www.linkedin.com\/in\/fabrizia-bandi-a66a4352\/\" target=\"_blank\" rel=\"noopener noreferrer\">abrizia Bandi<\/a><\/div>\n<div><\/div>\n<div><a href=\"https:\/\/www.linkedin.com\/in\/federica-galassi-4964b9173\/\" target=\"_blank\" rel=\"noopener noreferrer\">Federica Galassi<\/a><\/div>\n<div><a href=\"https:\/\/www.linkedin.com\/in\/sofia-gotti-27989b15b\/\" target=\"_blank\" rel=\"noopener noreferrer\">Sofia Gotti<\/a><\/div>\n<div><a href=\"https:\/\/www.linkedin.com\/in\/brandlady\/\" target=\"_blank\" rel=\"noopener noreferrer\">Joanne Ludovici<\/a><\/div>\n<\/div>\n<\/div><\/div>\n<\/div>\n<\/div>\n<\/div>\n<\/div>\n<\/div>\n\n","protected":false},"excerpt":{"rendered":"","protected":false},"author":1,"featured_media":0,"parent":0,"menu_order":0,"comment_status":"closed","ping_status":"closed","template":"","meta":{"footnotes":""},"_links":{"self":[{"href":"https:\/\/www.italynmwa.com\/it\/wp-json\/wp\/v2\/pages\/15503"}],"collection":[{"href":"https:\/\/www.italynmwa.com\/it\/wp-json\/wp\/v2\/pages"}],"about":[{"href":"https:\/\/www.italynmwa.com\/it\/wp-json\/wp\/v2\/types\/page"}],"author":[{"embeddable":true,"href":"https:\/\/www.italynmwa.com\/it\/wp-json\/wp\/v2\/users\/1"}],"replies":[{"embeddable":true,"href":"https:\/\/www.italynmwa.com\/it\/wp-json\/wp\/v2\/comments?post=15503"}],"version-history":[{"count":18,"href":"https:\/\/www.italynmwa.com\/it\/wp-json\/wp\/v2\/pages\/15503\/revisions"}],"predecessor-version":[{"id":15881,"href":"https:\/\/www.italynmwa.com\/it\/wp-json\/wp\/v2\/pages\/15503\/revisions\/15881"}],"wp:attachment":[{"href":"https:\/\/www.italynmwa.com\/it\/wp-json\/wp\/v2\/media?parent=15503"}],"curies":[{"name":"wp","href":"https:\/\/api.w.org\/{rel}","templated":true}]}}